{"id":3322,"date":"2020-04-23T09:20:46","date_gmt":"2020-04-23T09:20:46","guid":{"rendered":"http:\/\/musikaliaelkartea.eus\/?page_id=3322"},"modified":"2020-04-24T12:52:36","modified_gmt":"2020-04-24T12:52:36","slug":"musika-tresnekin-bingoan","status":"publish","type":"page","link":"http:\/\/musikaliaelkartea.eus\/es\/musika-tresnekin-bingoan\/","title":{"rendered":"Bingo con instrumentos de m\u00fasica"},"content":{"rendered":"<p><\/p>\n<h3>Nivel b\u00e1sico (15 instrumentos) (**material en euskera**)<\/h3>\n<ul>\n<li><strong>Objeto del juego:<\/strong> Tener marcados los instrumentos que aparecen en el cart\u00f3n. Los instrumentos de este juego son los que componen nuestra banda.<\/li>\n<li><strong>Participantes:<\/strong> 22 cartones disponibles<\/li>\n<li><strong>Material:<\/strong>\n<ul>\n<li>L\u00e1pices \/ Bol\u00edgrafos \/ Palillos \/ Rotuladores<\/li>\n<li><a href=\"http:\/\/musikaliaelkartea.eus\/wp-content\/uploads\/2020\/04\/Musika-tresnak-bingoa-bandako-instrumentuak-KARTOIAK.pdf\" target=\"_blank\" rel=\"noopener noreferrer\">Cartones impresos<\/a><\/li>\n<li>Audios para jugar las partidas (Aqu\u00ed abajo)<\/li>\n<li>Lista del orden de los sonidos para verificar los bingos (<a href=\"http:\/\/musikaliaelkartea.eus\/wp-content\/uploads\/2020\/04\/Musika-tresnen-bingoa-15-instrumentu-1-partida-emaitzak-MUSIKALIA-ELKARTEA.pdf\" target=\"_blank\" rel=\"noopener noreferrer\">1 partida<\/a> \/ <a href=\"http:\/\/musikaliaelkartea.eus\/wp-content\/uploads\/2020\/04\/Musika-tresnen-bingoa-15-instrumentu-2-partida-emaitzak-MUSIKALIA-ELKARTEA.pdf\" target=\"_blank\" rel=\"noopener noreferrer\">2 partida <\/a>)<\/li>\n<\/ul>\n<\/li>\n<li><strong>Desarrollo:<\/strong> Consensuar entre todos los miembros el responsable. Este repartir\u00e1 a cada miembro la cantidad de cart\u00f3n acordada. Para jugar utilizar\u00e9is los MP3 de aqu\u00ed abajo. Antes de empezar la partida, observad los instrumentos que os han tocado en el cart\u00f3n. Al principio de cada audio escuchar\u00e9is la explicaci\u00f3n del juego y despu\u00e9s comenzar\u00e1 la partida. Para escuchar bien los sonidos de los instrumentos es muy importante mantener el silencio. Al\u00a0 escuchar los instrumentos que teng\u00e1is en vuestro cart\u00f3n, marcarlos. Si alguien consigue hacer la l\u00ednea, deber\u00e1 gritar \u00abLINEA\u00bb y el que consiga marcar todos los instrumentos de la tabla deber\u00e1 gritar \u00abBINGO\u00bb. Por \u00faltimo, el responsable de la partida, deber\u00e1 tomar la lista de resultados y comprobar el bingo.<\/li>\n<\/ul>\n<h4>1 PARTIDA<\/h4>\n<audio class=\"wp-audio-shortcode\" id=\"audio-3322-5\" preload=\"none\" style=\"width: 100%;\" controls=\"controls\"><source type=\"audio\/mpeg\" src=\"http:\/\/musikaliaelkartea.eus\/wp-content\/uploads\/2020\/04\/Musika-tresnen-bingoa-1-partida-MUSIKALIA-ELKARTEA.mp3?_=5\" \/><a href=\"http:\/\/musikaliaelkartea.eus\/wp-content\/uploads\/2020\/04\/Musika-tresnen-bingoa-1-partida-MUSIKALIA-ELKARTEA.mp3\">http:\/\/musikaliaelkartea.eus\/wp-content\/uploads\/2020\/04\/Musika-tresnen-bingoa-1-partida-MUSIKALIA-ELKARTEA.mp3<\/a><\/audio>\n<h4>2 PARTIDA<\/h4>\n<audio class=\"wp-audio-shortcode\" id=\"audio-3322-6\" preload=\"none\" style=\"width: 100%;\" controls=\"controls\"><source type=\"audio\/mpeg\" src=\"http:\/\/musikaliaelkartea.eus\/wp-content\/uploads\/2020\/04\/Musika-tresnekin-bingoan-2-partida-MUSIKALIA-ELKARTEA.mp3?_=6\" \/><a href=\"http:\/\/musikaliaelkartea.eus\/wp-content\/uploads\/2020\/04\/Musika-tresnekin-bingoan-2-partida-MUSIKALIA-ELKARTEA.mp3\">http:\/\/musikaliaelkartea.eus\/wp-content\/uploads\/2020\/04\/Musika-tresnekin-bingoan-2-partida-MUSIKALIA-ELKARTEA.mp3<\/a><\/audio>\n<hr \/>\n<h3><img data-recalc-dims=\"1\" fetchpriority=\"high\" decoding=\"async\" data-attachment-id=\"3242\" data-permalink=\"http:\/\/musikaliaelkartea.eus\/es\/aspertzea-saihesteko-proposamenak\/bingoa-instrumentuekin-logo\/\" data-orig-file=\"https:\/\/i0.wp.com\/musikaliaelkartea.eus\/wp-content\/uploads\/2020\/04\/bingoa-instrumentuekin-LOGO.jpg?fit=1074%2C1097\" data-orig-size=\"1074,1097\" data-comments-opened=\"0\" data-image-meta=\"{&quot;aperture&quot;:&quot;0&quot;,&quot;credit&quot;:&quot;&quot;,&quot;camera&quot;:&quot;&quot;,&quot;caption&quot;:&quot;&quot;,&quot;created_timestamp&quot;:&quot;0&quot;,&quot;copyright&quot;:&quot;&quot;,&quot;focal_length&quot;:&quot;0&quot;,&quot;iso&quot;:&quot;0&quot;,&quot;shutter_speed&quot;:&quot;0&quot;,&quot;title&quot;:&quot;&quot;,&quot;orientation&quot;:&quot;1&quot;}\" data-image-title=\"bingoa instrumentuekin LOGO\" data-image-description=\"\" data-image-caption=\"\" data-large-file=\"https:\/\/i0.wp.com\/musikaliaelkartea.eus\/wp-content\/uploads\/2020\/04\/bingoa-instrumentuekin-LOGO.jpg?fit=1003%2C1024\" class=\"alignright wp-image-3242 size-medium\" src=\"https:\/\/i0.wp.com\/musikaliaelkartea.eus\/wp-content\/uploads\/2020\/04\/bingoa-instrumentuekin-LOGO.jpg?resize=294%2C300\" alt=\"\" width=\"294\" height=\"300\" srcset=\"https:\/\/i0.wp.com\/musikaliaelkartea.eus\/wp-content\/uploads\/2020\/04\/bingoa-instrumentuekin-LOGO.jpg?resize=294%2C300 294w, https:\/\/i0.wp.com\/musikaliaelkartea.eus\/wp-content\/uploads\/2020\/04\/bingoa-instrumentuekin-LOGO.jpg?resize=1003%2C1024 1003w, https:\/\/i0.wp.com\/musikaliaelkartea.eus\/wp-content\/uploads\/2020\/04\/bingoa-instrumentuekin-LOGO.jpg?resize=768%2C784 768w, https:\/\/i0.wp.com\/musikaliaelkartea.eus\/wp-content\/uploads\/2020\/04\/bingoa-instrumentuekin-LOGO.jpg?resize=60%2C60 60w, https:\/\/i0.wp.com\/musikaliaelkartea.eus\/wp-content\/uploads\/2020\/04\/bingoa-instrumentuekin-LOGO.jpg?resize=45%2C45 45w, https:\/\/i0.wp.com\/musikaliaelkartea.eus\/wp-content\/uploads\/2020\/04\/bingoa-instrumentuekin-LOGO.jpg?w=1074 1074w\" sizes=\"(max-width: 294px) 100vw, 294px\" \/>Nivel experto (50 instrumentos) (**material en euskera**)<\/h3>\n<ul>\n<li><strong>Objeto del juego:<\/strong> Tener marcados los instrumentos que aparecen en el cart\u00f3n.<\/li>\n<li><strong>Participantes:<\/strong> 46 cartones disponibles<\/li>\n<li><strong>Material:<\/strong>\n<ul>\n<li>L\u00e1pices \/ Bol\u00edgrafos \/ Palillos \/ Rotuladores<\/li>\n<li><a href=\"http:\/\/musikaliaelkartea.eus\/wp-content\/uploads\/2020\/04\/KARTOIAK-1-20.pdf\" target=\"_blank\" rel=\"noopener noreferrer\">Cartones impresos<\/a><\/li>\n<li>Audios para jugar las partidas (Aqu\u00ed abajo)<\/li>\n<li>Lista del orden de los sonidos para verificar los bingos (<a href=\"http:\/\/musikaliaelkartea.eus\/wp-content\/uploads\/2020\/04\/Bingoa-musika-tresnak-1.-partida-EMAITZA.pdf\" target=\"_blank\" rel=\"noopener noreferrer\">1\u00aa partida<\/a>\u00a0\/ 2\u00aa partida)<\/li>\n<\/ul>\n<\/li>\n<li><strong>Desarrollo:<\/strong> Consensuar entre todos los miembros el responsable. Este repartir\u00e1 a cada miembro la cantidad de cart\u00f3n acordada. Para jugar utilizar\u00e9is los MP3 de aqu\u00ed abajo. Antes de empezar la partida, observad los instrumentos que os han tocado en el cart\u00f3n. Al principio de cada audio escuchar\u00e9is la explicaci\u00f3n del juego y despu\u00e9s comenzar\u00e1 la partida. Para escuchar bien los sonidos de los instrumentos es muy importante mantener el silencio. Al\u00a0 escuchar los instrumentos que teng\u00e1is en vuestro cart\u00f3n, marcarlos. Si alguien consigue hacer la l\u00ednea, deber\u00e1 gritar \u00abLINEA\u00bb y el que consiga marcar todos los instrumentos de la tabla deber\u00e1 gritar \u00abBINGO\u00bb. Por \u00faltimo, el responsable de la partida, deber\u00e1 tomar la lista de resultados y comprobar el bingo.<\/li>\n<\/ul>\n<ol>\n<li>PARTIDA<\/li>\n<\/ol>\n<audio class=\"wp-audio-shortcode\" id=\"audio-3322-7\" preload=\"none\" style=\"width: 100%;\" controls=\"controls\"><source type=\"audio\/mpeg\" src=\"http:\/\/musikaliaelkartea.eus\/wp-content\/uploads\/2020\/04\/Instrumentuen-bingoa-1-partida-MUSIKALIA-ELKARTEA.mp3?_=7\" \/><a href=\"http:\/\/musikaliaelkartea.eus\/wp-content\/uploads\/2020\/04\/Instrumentuen-bingoa-1-partida-MUSIKALIA-ELKARTEA.mp3\">http:\/\/musikaliaelkartea.eus\/wp-content\/uploads\/2020\/04\/Instrumentuen-bingoa-1-partida-MUSIKALIA-ELKARTEA.mp3<\/a><\/audio>\n<p>2. PARTIDA<\/p>\n<p><audio class=\"wp-audio-shortcode\" id=\"audio-3322-8\" preload=\"none\" style=\"width: 100%;\" controls=\"controls\"><source type=\"audio\/mpeg\" src=\"http:\/\/musikaliaelkartea.eus\/wp-content\/uploads\/2020\/04\/Instrumentuekin-bingoa-2-partida-MUSIKALIA-ELKARTEA.mp3?_=8\" \/><a href=\"http:\/\/musikaliaelkartea.eus\/wp-content\/uploads\/2020\/04\/Instrumentuekin-bingoa-2-partida-MUSIKALIA-ELKARTEA.mp3\">http:\/\/musikaliaelkartea.eus\/wp-content\/uploads\/2020\/04\/Instrumentuekin-bingoa-2-partida-MUSIKALIA-ELKARTEA.mp3<\/a><\/audio><\/p>","protected":false},"excerpt":{"rendered":"<p>Nivel b\u00e1sico (15 instrumentos) (**material en euskera**) Objeto del juego: Tener marcados los instrumentos que aparecen en el cart\u00f3n. Los instrumentos de este juego son<a href=\"http:\/\/musikaliaelkartea.eus\/es\/musika-tresnekin-bingoan\/\" class=\"more-link\">View More<\/a><\/p>\n","protected":false},"author":2,"featured_media":0,"parent":0,"menu_order":0,"comment_status":"closed","ping_status":"closed","template":"","meta":{"jetpack_post_was_ever_published":false,"footnotes":""},"class_list":["post-3322","page","type-page","status-publish","hentry"],"yoast_head":"<!-- This site is optimized with the Yoast SEO plugin v27.4 - https:\/\/yoast.com\/product\/yoast-seo-wordpress\/ -->\n<title>Bingo con instrumentos de m\u00fasica - Musikalia Elkartea<\/title>\n<meta name=\"robots\" content=\"index, follow, max-snippet:-1, max-image-preview:large, max-video-preview:-1\" \/>\n<link rel=\"canonical\" href=\"https:\/\/musikaliaelkartea.eus\/es\/musika-tresnekin-bingoan\/\" \/>\n<meta property=\"og:locale\" content=\"es_ES\" \/>\n<meta property=\"og:type\" content=\"article\" \/>\n<meta property=\"og:title\" content=\"[:eu]Musika tresnekin bingoan[:es]Bingo con instrumentos de m\u00fasica[:] - Musikalia Elkartea\" \/>\n<meta property=\"og:description\" content=\"Nivel b\u00e1sico (15 instrumentos) (**material en euskera**) Objeto del juego: Tener marcados los instrumentos que aparecen en el cart\u00f3n. Los instrumentos de este juego sonView More\" \/>\n<meta property=\"og:url\" content=\"https:\/\/musikaliaelkartea.eus\/es\/musika-tresnekin-bingoan\/\" \/>\n<meta property=\"og:site_name\" content=\"Musikalia Elkartea\" \/>\n<meta property=\"article:publisher\" content=\"https:\/\/www.facebook.com\/musikaliaelkartea\" \/>\n<meta property=\"article:modified_time\" content=\"2020-04-24T12:52:36+00:00\" \/>\n<meta property=\"og:image\" content=\"http:\/\/musikaliaelkartea.eus\/wp-content\/uploads\/2020\/04\/bingoa-instrumentuekin-LOGO-294x300.jpg\" \/>\n<meta name=\"twitter:card\" content=\"summary_large_image\" \/>\n<meta name=\"twitter:label1\" content=\"Tiempo de lectura\" \/>\n\t<meta name=\"twitter:data1\" content=\"4 minutos\" \/>\n<script type=\"application\/ld+json\" class=\"yoast-schema-graph\">{\"@context\":\"https:\\\/\\\/schema.org\",\"@graph\":[{\"@type\":\"WebPage\",\"@id\":\"https:\\\/\\\/musikaliaelkartea.eus\\\/es\\\/musika-tresnekin-bingoan\\\/\",\"url\":\"https:\\\/\\\/musikaliaelkartea.eus\\\/es\\\/musika-tresnekin-bingoan\\\/\",\"name\":\"[:eu]Musika tresnekin bingoan[:es]Bingo con instrumentos de m\u00fasica[:] - Musikalia Elkartea\",\"isPartOf\":{\"@id\":\"http:\\\/\\\/musikaliaelkartea.eus\\\/es\\\/#website\"},\"primaryImageOfPage\":{\"@id\":\"https:\\\/\\\/musikaliaelkartea.eus\\\/es\\\/musika-tresnekin-bingoan\\\/#primaryimage\"},\"image\":{\"@id\":\"https:\\\/\\\/musikaliaelkartea.eus\\\/es\\\/musika-tresnekin-bingoan\\\/#primaryimage\"},\"thumbnailUrl\":\"http:\\\/\\\/musikaliaelkartea.eus\\\/wp-content\\\/uploads\\\/2020\\\/04\\\/bingoa-instrumentuekin-LOGO-294x300.jpg\",\"datePublished\":\"2020-04-23T09:20:46+00:00\",\"dateModified\":\"2020-04-24T12:52:36+00:00\",\"breadcrumb\":{\"@id\":\"https:\\\/\\\/musikaliaelkartea.eus\\\/es\\\/musika-tresnekin-bingoan\\\/#breadcrumb\"},\"inLanguage\":\"es\",\"potentialAction\":[{\"@type\":\"ReadAction\",\"target\":[\"https:\\\/\\\/musikaliaelkartea.eus\\\/es\\\/musika-tresnekin-bingoan\\\/\"]}]},{\"@type\":\"ImageObject\",\"inLanguage\":\"es\",\"@id\":\"https:\\\/\\\/musikaliaelkartea.eus\\\/es\\\/musika-tresnekin-bingoan\\\/#primaryimage\",\"url\":\"http:\\\/\\\/musikaliaelkartea.eus\\\/wp-content\\\/uploads\\\/2020\\\/04\\\/bingoa-instrumentuekin-LOGO-294x300.jpg\",\"contentUrl\":\"http:\\\/\\\/musikaliaelkartea.eus\\\/wp-content\\\/uploads\\\/2020\\\/04\\\/bingoa-instrumentuekin-LOGO-294x300.jpg\"},{\"@type\":\"BreadcrumbList\",\"@id\":\"https:\\\/\\\/musikaliaelkartea.eus\\\/es\\\/musika-tresnekin-bingoan\\\/#breadcrumb\",\"itemListElement\":[{\"@type\":\"ListItem\",\"position\":1,\"name\":\"Home\",\"item\":\"http:\\\/\\\/musikaliaelkartea.eus\\\/es\\\/\"},{\"@type\":\"ListItem\",\"position\":2,\"name\":\"Bingo con instrumentos de m\u00fasica\"}]},{\"@type\":\"WebSite\",\"@id\":\"http:\\\/\\\/musikaliaelkartea.eus\\\/es\\\/#website\",\"url\":\"http:\\\/\\\/musikaliaelkartea.eus\\\/es\\\/\",\"name\":\"Musikalia Elkartea\",\"description\":\"\",\"publisher\":{\"@id\":\"http:\\\/\\\/musikaliaelkartea.eus\\\/es\\\/#organization\"},\"potentialAction\":[{\"@type\":\"SearchAction\",\"target\":{\"@type\":\"EntryPoint\",\"urlTemplate\":\"http:\\\/\\\/musikaliaelkartea.eus\\\/es\\\/?s={search_term_string}\"},\"query-input\":{\"@type\":\"PropertyValueSpecification\",\"valueRequired\":true,\"valueName\":\"search_term_string\"}}],\"inLanguage\":\"es\"},{\"@type\":\"Organization\",\"@id\":\"http:\\\/\\\/musikaliaelkartea.eus\\\/es\\\/#organization\",\"name\":\"Getxoko Andres Isasi Musikalia Elkartea\",\"url\":\"http:\\\/\\\/musikaliaelkartea.eus\\\/es\\\/\",\"logo\":{\"@type\":\"ImageObject\",\"inLanguage\":\"es\",\"@id\":\"http:\\\/\\\/musikaliaelkartea.eus\\\/es\\\/#\\\/schema\\\/logo\\\/image\\\/\",\"url\":\"https:\\\/\\\/i0.wp.com\\\/musikaliaelkartea.eus\\\/wp-content\\\/uploads\\\/2025\\\/03\\\/cropped-MUSIKALIA-LOGO-LARGO.png?fit=5455%2C1928\",\"contentUrl\":\"https:\\\/\\\/i0.wp.com\\\/musikaliaelkartea.eus\\\/wp-content\\\/uploads\\\/2025\\\/03\\\/cropped-MUSIKALIA-LOGO-LARGO.png?fit=5455%2C1928\",\"width\":5455,\"height\":1928,\"caption\":\"Getxoko Andres Isasi Musikalia Elkartea\"},\"image\":{\"@id\":\"http:\\\/\\\/musikaliaelkartea.eus\\\/es\\\/#\\\/schema\\\/logo\\\/image\\\/\"},\"sameAs\":[\"https:\\\/\\\/www.facebook.com\\\/musikaliaelkartea\",\"https:\\\/\\\/www.instagram.com\\\/musikaliaelkartea\\\/\",\"https:\\\/\\\/www.youtube.com\\\/channel\\\/UCYG_UH_Rv-34wbmS8nQ7mpg\"]}]}<\/script>\n<!-- \/ Yoast SEO plugin. -->","yoast_head_json":{"title":"[:eu]Musika tresnekin bingoan[:es]Bingo con instrumentos de m\u00fasica[:] - Musikalia Elkartea","robots":{"index":"index","follow":"follow","max-snippet":"max-snippet:-1","max-image-preview":"max-image-preview:large","max-video-preview":"max-video-preview:-1"},"canonical":"https:\/\/musikaliaelkartea.eus\/es\/musika-tresnekin-bingoan\/","og_locale":"es_ES","og_type":"article","og_title":"[:eu]Musika tresnekin bingoan[:es]Bingo con instrumentos de m\u00fasica[:] - Musikalia Elkartea","og_description":"Nivel b\u00e1sico (15 instrumentos) (**material en euskera**) Objeto del juego: Tener marcados los instrumentos que aparecen en el cart\u00f3n. Los instrumentos de este juego sonView More","og_url":"https:\/\/musikaliaelkartea.eus\/es\/musika-tresnekin-bingoan\/","og_site_name":"Musikalia Elkartea","article_publisher":"https:\/\/www.facebook.com\/musikaliaelkartea","article_modified_time":"2020-04-24T12:52:36+00:00","og_image":[{"url":"http:\/\/musikaliaelkartea.eus\/wp-content\/uploads\/2020\/04\/bingoa-instrumentuekin-LOGO-294x300.jpg","type":"","width":"","height":""}],"twitter_card":"summary_large_image","twitter_misc":{"Tiempo de lectura":"4 minutos"},"schema":{"@context":"https:\/\/schema.org","@graph":[{"@type":"WebPage","@id":"https:\/\/musikaliaelkartea.eus\/es\/musika-tresnekin-bingoan\/","url":"https:\/\/musikaliaelkartea.eus\/es\/musika-tresnekin-bingoan\/","name":"[:eu]Musika tresnekin bingoan[:es]Bingo con instrumentos de m\u00fasica[:] - Musikalia Elkartea","isPartOf":{"@id":"http:\/\/musikaliaelkartea.eus\/es\/#website"},"primaryImageOfPage":{"@id":"https:\/\/musikaliaelkartea.eus\/es\/musika-tresnekin-bingoan\/#primaryimage"},"image":{"@id":"https:\/\/musikaliaelkartea.eus\/es\/musika-tresnekin-bingoan\/#primaryimage"},"thumbnailUrl":"http:\/\/musikaliaelkartea.eus\/wp-content\/uploads\/2020\/04\/bingoa-instrumentuekin-LOGO-294x300.jpg","datePublished":"2020-04-23T09:20:46+00:00","dateModified":"2020-04-24T12:52:36+00:00","breadcrumb":{"@id":"https:\/\/musikaliaelkartea.eus\/es\/musika-tresnekin-bingoan\/#breadcrumb"},"inLanguage":"es","potentialAction":[{"@type":"ReadAction","target":["https:\/\/musikaliaelkartea.eus\/es\/musika-tresnekin-bingoan\/"]}]},{"@type":"ImageObject","inLanguage":"es","@id":"https:\/\/musikaliaelkartea.eus\/es\/musika-tresnekin-bingoan\/#primaryimage","url":"http:\/\/musikaliaelkartea.eus\/wp-content\/uploads\/2020\/04\/bingoa-instrumentuekin-LOGO-294x300.jpg","contentUrl":"http:\/\/musikaliaelkartea.eus\/wp-content\/uploads\/2020\/04\/bingoa-instrumentuekin-LOGO-294x300.jpg"},{"@type":"BreadcrumbList","@id":"https:\/\/musikaliaelkartea.eus\/es\/musika-tresnekin-bingoan\/#breadcrumb","itemListElement":[{"@type":"ListItem","position":1,"name":"Home","item":"http:\/\/musikaliaelkartea.eus\/es\/"},{"@type":"ListItem","position":2,"name":"Bingo con instrumentos de m\u00fasica"}]},{"@type":"WebSite","@id":"http:\/\/musikaliaelkartea.eus\/es\/#website","url":"http:\/\/musikaliaelkartea.eus\/es\/","name":"Musikalia Elkartea","description":"","publisher":{"@id":"http:\/\/musikaliaelkartea.eus\/es\/#organization"},"potentialAction":[{"@type":"SearchAction","target":{"@type":"EntryPoint","urlTemplate":"http:\/\/musikaliaelkartea.eus\/es\/?s={search_term_string}"},"query-input":{"@type":"PropertyValueSpecification","valueRequired":true,"valueName":"search_term_string"}}],"inLanguage":"es"},{"@type":"Organization","@id":"http:\/\/musikaliaelkartea.eus\/es\/#organization","name":"Getxoko Andres Isasi Musikalia Elkartea","url":"http:\/\/musikaliaelkartea.eus\/es\/","logo":{"@type":"ImageObject","inLanguage":"es","@id":"http:\/\/musikaliaelkartea.eus\/es\/#\/schema\/logo\/image\/","url":"https:\/\/i0.wp.com\/musikaliaelkartea.eus\/wp-content\/uploads\/2025\/03\/cropped-MUSIKALIA-LOGO-LARGO.png?fit=5455%2C1928","contentUrl":"https:\/\/i0.wp.com\/musikaliaelkartea.eus\/wp-content\/uploads\/2025\/03\/cropped-MUSIKALIA-LOGO-LARGO.png?fit=5455%2C1928","width":5455,"height":1928,"caption":"Getxoko Andres Isasi Musikalia Elkartea"},"image":{"@id":"http:\/\/musikaliaelkartea.eus\/es\/#\/schema\/logo\/image\/"},"sameAs":["https:\/\/www.facebook.com\/musikaliaelkartea","https:\/\/www.instagram.com\/musikaliaelkartea\/","https:\/\/www.youtube.com\/channel\/UCYG_UH_Rv-34wbmS8nQ7mpg"]}]}},"jetpack_sharing_enabled":true,"jetpack_shortlink":"https:\/\/wp.me\/P8OhQz-RA","_links":{"self":[{"href":"http:\/\/musikaliaelkartea.eus\/es\/wp-json\/wp\/v2\/pages\/3322","targetHints":{"allow":["GET"]}}],"collection":[{"href":"http:\/\/musikaliaelkartea.eus\/es\/wp-json\/wp\/v2\/pages"}],"about":[{"href":"http:\/\/musikaliaelkartea.eus\/es\/wp-json\/wp\/v2\/types\/page"}],"author":[{"embeddable":true,"href":"http:\/\/musikaliaelkartea.eus\/es\/wp-json\/wp\/v2\/users\/2"}],"replies":[{"embeddable":true,"href":"http:\/\/musikaliaelkartea.eus\/es\/wp-json\/wp\/v2\/comments?post=3322"}],"version-history":[{"count":13,"href":"http:\/\/musikaliaelkartea.eus\/es\/wp-json\/wp\/v2\/pages\/3322\/revisions"}],"predecessor-version":[{"id":3377,"href":"http:\/\/musikaliaelkartea.eus\/es\/wp-json\/wp\/v2\/pages\/3322\/revisions\/3377"}],"wp:attachment":[{"href":"http:\/\/musikaliaelkartea.eus\/es\/wp-json\/wp\/v2\/media?parent=3322"}],"curies":[{"name":"wp","href":"https:\/\/api.w.org\/{rel}","templated":true}]}}